{"id":69,"date":"2022-06-30T22:27:48","date_gmt":"2022-06-30T22:27:48","guid":{"rendered":"https:\/\/marbetec.com\/?page_id=69"},"modified":"2022-07-07T21:27:37","modified_gmt":"2022-07-07T21:27:37","slug":"69-2","status":"publish","type":"page","link":"https:\/\/marbetec.com\/","title":{"rendered":"Marbetec.com"},"content":{"rendered":"\n<div class=\"wp-block-columns alignwide shadow is-layout-flex wp-container-core-columns-is-layout-9d6595d7 wp-block-columns-is-layout-flex\">\n<div class=\"wp-block-column is-layout-flow wp-block-column-is-layout-flow\" style=\"flex-basis:25%\">\n<h3 class=\"my-0 wp-block-heading\"><strong>DISE\u00d1A, CREA, PROYECTA<\/strong><\/h3>\n<\/div>\n\n\n\n<div class=\"wp-block-column is-layout-flow wp-block-column-is-layout-flow\" style=\"flex-basis:50%\">\n<p style=\"font-size:16px\">Las empresas desde grandes a peque\u00f1as, est\u00e1n recurriendo en mayor grado a estos &#8220;vendedores silenciosos&#8221;, en forma de empaques informativos y presentaciones innovadoras de mercadotecnia con excelente calidad de impresi\u00f3n, pues esta vers\u00e1til imagen incluyen letreros que se colocan en los estantes, anuncios en las ventanas, m\u00f3dulos de demostraci\u00f3n, etc.<\/p>\n<\/div>\n\n\n\n<div class=\"wp-block-column is-layout-flow wp-block-column-is-layout-flow\" style=\"flex-basis:25%\">\n<p style=\"font-size:16px\">Mejora tu negocio con las opciones de venta multicanal, la gesti\u00f3n de inventarios en varias ubicaciones y soluciones vers\u00e1til que satisface las necesidades de tu negocio, y mucho m\u00e1s.<\/p>\n<\/div>\n<\/div>\n\n\n\n<div class=\"wp-block-columns alignwide are-vertically-aligned-top is-layout-flex wp-container-core-columns-is-layout-9d6595d7 wp-block-columns-is-layout-flex\">\n<div class=\"wp-block-column is-vertically-aligned-top is-layout-flow wp-block-column-is-layout-flow\" style=\"flex-basis:66.66%\">\n<figure class=\"wp-block-image alignfull size-large mt-0\"><img loading=\"lazy\" decoding=\"async\" width=\"1024\" height=\"512\" src=\"https:\/\/marbetec.com\/wp-content\/uploads\/2022\/06\/Diseno-sin-titulo-6-1024x512.png\" alt=\"\" class=\"wp-image-51\" srcset=\"https:\/\/marbetec.com\/wp-content\/uploads\/2022\/06\/Diseno-sin-titulo-6-1024x512.png 1024w, https:\/\/marbetec.com\/wp-content\/uploads\/2022\/06\/Diseno-sin-titulo-6-300x150.png 300w, https:\/\/marbetec.com\/wp-content\/uploads\/2022\/06\/Diseno-sin-titulo-6-768x384.png 768w, https:\/\/marbetec.com\/wp-content\/uploads\/2022\/06\/Diseno-sin-titulo-6-1536x768.png 1536w, https:\/\/marbetec.com\/wp-content\/uploads\/2022\/06\/Diseno-sin-titulo-6-2048x1024.png 2048w, https:\/\/marbetec.com\/wp-content\/uploads\/2022\/06\/Diseno-sin-titulo-6-1200x600.png 1200w, https:\/\/marbetec.com\/wp-content\/uploads\/2022\/06\/Diseno-sin-titulo-6-1980x990.png 1980w\" sizes=\"auto, (max-width: 1024px) 100vw, 1024px\" \/><\/figure>\n<\/div>\n\n\n\n<div class=\"wp-block-column is-vertically-aligned-top is-layout-flow wp-block-column-is-layout-flow\" style=\"flex-basis:33.33%\">\n<p>Las promociones de medios masivos se acompa\u00f1an, apoyan y requieren de los materiales POP impresos en diferentes sistemas como offset, impresi\u00f3n digital y serigraf\u00eda entre otros ya que proveen a sus clientes de elementos \u201calternativos\u201d de mercadotecnia y publicidad que resultan m\u00e1s econ\u00f3micos, invertir con \u201cnuevas reglas&#8221;.<\/p>\n\n\n\n<figure class=\"wp-block-gallery has-nested-images columns-default is-cropped wp-block-gallery-1 is-layout-flex wp-block-gallery-is-layout-flex\">\n<figure class=\"wp-block-image size-full\"><img loading=\"lazy\" decoding=\"async\" width=\"940\" height=\"788\" data-id=\"82\" src=\"https:\/\/marbetec.com\/wp-content\/uploads\/2022\/07\/POP.png\" alt=\"\" class=\"wp-image-82\" srcset=\"https:\/\/marbetec.com\/wp-content\/uploads\/2022\/07\/POP.png 940w, https:\/\/marbetec.com\/wp-content\/uploads\/2022\/07\/POP-300x251.png 300w, https:\/\/marbetec.com\/wp-content\/uploads\/2022\/07\/POP-768x644.png 768w\" sizes=\"auto, (max-width: 940px) 100vw, 940px\" \/><\/figure>\n\n\n\n<figure class=\"wp-block-image size-full\"><img loading=\"lazy\" decoding=\"async\" width=\"940\" height=\"788\" data-id=\"83\" src=\"https:\/\/marbetec.com\/wp-content\/uploads\/2022\/07\/POP-1.png\" alt=\"\" class=\"wp-image-83\" srcset=\"https:\/\/marbetec.com\/wp-content\/uploads\/2022\/07\/POP-1.png 940w, https:\/\/marbetec.com\/wp-content\/uploads\/2022\/07\/POP-1-300x251.png 300w, https:\/\/marbetec.com\/wp-content\/uploads\/2022\/07\/POP-1-768x644.png 768w\" sizes=\"auto, (max-width: 940px) 100vw, 940px\" \/><\/figure>\n\n\n\n<figure class=\"wp-block-image size-full\"><img loading=\"lazy\" decoding=\"async\" width=\"940\" height=\"788\" data-id=\"84\" src=\"https:\/\/marbetec.com\/wp-content\/uploads\/2022\/07\/POP-2.png\" alt=\"\" class=\"wp-image-84\" srcset=\"https:\/\/marbetec.com\/wp-content\/uploads\/2022\/07\/POP-2.png 940w, https:\/\/marbetec.com\/wp-content\/uploads\/2022\/07\/POP-2-300x251.png 300w, https:\/\/marbetec.com\/wp-content\/uploads\/2022\/07\/POP-2-768x644.png 768w\" sizes=\"auto, (max-width: 940px) 100vw, 940px\" \/><\/figure>\n<\/figure>\n<\/div>\n<\/div>\n\n\n\n<hr class=\"wp-block-separator has-alpha-channel-opacity\"\/>\n\n\n\n<div class=\"wp-block-group alignfull has-primary-background-color has-background\"><div class=\"wp-block-group__inner-container is-layout-flow wp-block-group-is-layout-flow\">\n<div class=\"wp-block-columns alignfull is-layout-flex wp-container-core-columns-is-layout-9d6595d7 wp-block-columns-is-layout-flex\">\n<div class=\"wp-block-column is-layout-flow wp-block-column-is-layout-flow\" style=\"flex-basis:33.33%\">\n<p>Cotiza con nosotros:<\/p>\n\n\n\n<p>Contactanos: +52 33 2499 4961<\/p>\n\n\n\n<p>comprasoccidentemarbetec@gmail.com<\/p>\n<\/div>\n\n\n\n<div class=\"wp-block-column is-layout-flow wp-block-column-is-layout-flow\" style=\"flex-basis:66.66%\"><style type=\"text\/css\">\r\n\t#foogallery-gallery-184 .fg-image {\r\n        width: 300px;\r\n    }\r\n<\/style>\r\n\t\t\t\t<div class=\"foogallery foogallery-container foogallery-default foogallery-lightbox-unknown fg-gutter-10 fg-center fg-m-col2 fg-default fg-light fg-border-thin fg-shadow-outline fg-caption-hover fg-hover-fade fg-light-overlays fg-ready\" id=\"foogallery-gallery-184\" data-foogallery=\"{&quot;item&quot;:{&quot;showCaptionTitle&quot;:true,&quot;showCaptionDescription&quot;:true},&quot;lazy&quot;:true}\" >\r\n\t<div class=\"fg-item fg-type-image fg-idle\"><figure class=\"fg-item-inner\"><a data-attachment-id=\"108\" class=\"fg-thumb\"><span class=\"fg-image-wrap\"><img fetchpriority=\"high\" decoding=\"async\" width=\"300\" height=\"300\" class=\"skip-lazy fg-image\" data-src-fg=\"https:\/\/marbetec.com\/wp-content\/uploads\/cache\/2022\/07\/POP-11-1\/1068370773.png\" src=\"data:image\/svg+xml,%3Csvg%20xmlns%3D%22http%3A%2F%2Fwww.w3.org%2F2000%2Fsvg%22%20width%3D%22300%22%20height%3D%22300%22%20viewBox%3D%220%200%20300%20300%22%3E%3C%2Fsvg%3E\" loading=\"eager\"><\/span><span class=\"fg-image-overlay\"><\/span><\/a><figcaption class=\"fg-caption\"><div class=\"fg-caption-inner\"><\/div><\/figcaption><\/figure><div class=\"fg-loader\"><\/div><\/div><div class=\"fg-item fg-type-image fg-idle\"><figure class=\"fg-item-inner\"><a data-attachment-id=\"110\" class=\"fg-thumb\"><span class=\"fg-image-wrap\"><img decoding=\"async\" width=\"300\" height=\"300\" class=\"skip-lazy fg-image\" data-src-fg=\"https:\/\/marbetec.com\/wp-content\/uploads\/cache\/2022\/07\/POP-15\/1987115627.png\" src=\"data:image\/svg+xml,%3Csvg%20xmlns%3D%22http%3A%2F%2Fwww.w3.org%2F2000%2Fsvg%22%20width%3D%22300%22%20height%3D%22300%22%20viewBox%3D%220%200%20300%20300%22%3E%3C%2Fsvg%3E\" loading=\"eager\"><\/span><span class=\"fg-image-overlay\"><\/span><\/a><figcaption class=\"fg-caption\"><div class=\"fg-caption-inner\"><\/div><\/figcaption><\/figure><div class=\"fg-loader\"><\/div><\/div><\/div>\r\n\n<\/div>\n<\/div>\n<\/div><\/div>\n\n\n\n<hr class=\"wp-block-separator has-alpha-channel-opacity\"\/>\n\n\n\n<p class=\"has-text-align-left\">Stands<\/p>\n\n\n\n<div class=\"wp-block-columns alignwide are-vertically-aligned-top is-layout-flex wp-container-core-columns-is-layout-9d6595d7 wp-block-columns-is-layout-flex\">\n<div class=\"wp-block-column is-vertically-aligned-top is-layout-flow wp-block-column-is-layout-flow\" style=\"flex-basis:33.34%\">\n<h2 class=\"mt-0 wp-block-heading\"><strong>\u00bfEn que somos especialistas?<\/strong><\/h2>\n<\/div>\n\n\n\n<div class=\"wp-block-column is-vertically-aligned-top is-layout-flow wp-block-column-is-layout-flow\" style=\"flex-basis:33.33%\">\n<h3 class=\"mt-0 wp-block-heading\">Dise\u00f1o,Organizaci\u00f3n y precisi\u00f3n<\/h3>\n<\/div>\n\n\n\n<div class=\"wp-block-column is-layout-flow wp-block-column-is-layout-flow\" style=\"flex-basis:33.33%\">\n<p>En marbetec.com nos encargamos de dise\u00f1ar, fabricar e implantar cada uno de los materiales que crean los espacios m\u00e1s m\u00e1gicos de cada evento. El entorno, los objetos que forman parte de el, los ambientes delimitados, el posicionamiento de cada marca, colores,\u2026 trabajamos para que todo este tal y como se planifica, con la m\u00e1xima precisi\u00f3n y cuidado.<\/p>\n<\/div>\n<\/div>\n\n\n\n<p>Galer\u00eda de nuestros productos <\/p>\n\n\n\n<div class=\"wp-block-group alignfull\"><div class=\"wp-block-group__inner-container is-layout-flow wp-block-group-is-layout-flow\"><div class=\"wpcp-carousel-wrapper wpcp-wrapper-217\">\n\t<div id=\"wpcp-preloader-217\" class=\"wpcp-carousel-preloader\"><img decoding=\"async\" src=\"https:\/\/marbetec.com\/wp-content\/plugins\/wp-carousel-free\/public\/css\/spinner.svg\" alt=\"Preloader Image\"\/><\/div>\t<div class=\"wpcp-carousel-content-wrapper\">\n\t<div id=\"sp-wp-carousel-free-id-217\" class=\"wpcp-carousel-section sp-wpcp-217  nav-vertical-center wpcp-image-carousel wpcp-preloader wpcp-standard\" data-swiper='{ \"accessibility\":true, \"spaceBetween\":20, \"arrows\":true, \"freeMode\": false, \"autoplay\":true, \"autoplaySpeed\":3000, \"dots\":true, \"infinite\":true, \"speed\":600, \"pauseOnHover\":true,\n\t\t\t\"slidesToShow\":{\"lg_desktop\":6, \"desktop\": 5, \"laptop\": 4, \"tablet\": 2, \"mobile\": 1}, \"responsive\":{\"desktop\":1200, \"laptop\": 980, \"tablet\": 736, \"mobile\": 480}, \"rtl\":false, \"lazyLoad\": \"false\", \"swipe\": true, \"draggable\": true, \"swipeToSlide\":false }'   dir=\"ltr\">\n\t\t<div class=\"swiper-wrapper\">\n\t\t<div class=\"swiper-slide\">\n\t<div class=\"wpcp-single-item\">\n\t\t<div class=\"wpcp-slide-image\">\n\t<img loading=\"lazy\" decoding=\"async\" class=\"skip-lazy\" src=\"https:\/\/marbetec.com\/wp-content\/uploads\/2022\/07\/POP-21.png\" alt=\"POP-21\" width=\"940\" height=\"788\"><\/div>\n\t<\/div>\n<\/div>\n\t<div class=\"swiper-slide\">\n\t<div class=\"wpcp-single-item\">\n\t\t<div class=\"wpcp-slide-image\">\n\t<img loading=\"lazy\" decoding=\"async\" class=\"skip-lazy\" src=\"https:\/\/marbetec.com\/wp-content\/uploads\/2022\/07\/POP-22.png\" alt=\"POP-22\" width=\"940\" height=\"788\"><\/div>\n\t<\/div>\n<\/div>\n\t<div class=\"swiper-slide\">\n\t<div class=\"wpcp-single-item\">\n\t\t<div class=\"wpcp-slide-image\">\n\t<img loading=\"lazy\" decoding=\"async\" class=\"skip-lazy\" src=\"https:\/\/marbetec.com\/wp-content\/uploads\/2022\/07\/POP-10.png\" alt=\"POP-10\" width=\"940\" height=\"788\"><\/div>\n\t<\/div>\n<\/div>\n\t<div class=\"swiper-slide\">\n\t<div class=\"wpcp-single-item\">\n\t\t<div class=\"wpcp-slide-image\">\n\t<img loading=\"lazy\" decoding=\"async\" class=\"skip-lazy\" src=\"https:\/\/marbetec.com\/wp-content\/uploads\/2022\/07\/POP-9-1.png\" alt=\"POP-9-1\" width=\"940\" height=\"788\"><\/div>\n\t<\/div>\n<\/div>\n\t<div class=\"swiper-slide\">\n\t<div class=\"wpcp-single-item\">\n\t\t<div class=\"wpcp-slide-image\">\n\t<img loading=\"lazy\" decoding=\"async\" class=\"skip-lazy\" src=\"https:\/\/marbetec.com\/wp-content\/uploads\/2022\/07\/POP-5.png\" alt=\"POP-5\" width=\"940\" height=\"788\"><\/div>\n\t<\/div>\n<\/div>\n\t<div class=\"swiper-slide\">\n\t<div class=\"wpcp-single-item\">\n\t\t<div class=\"wpcp-slide-image\">\n\t<img loading=\"lazy\" decoding=\"async\" class=\"skip-lazy\" src=\"https:\/\/marbetec.com\/wp-content\/uploads\/2022\/07\/POP-4.png\" alt=\"POP-4\" width=\"940\" height=\"788\"><\/div>\n\t<\/div>\n<\/div>\n\t<div class=\"swiper-slide\">\n\t<div class=\"wpcp-single-item\">\n\t\t<div class=\"wpcp-slide-image\">\n\t<img loading=\"lazy\" decoding=\"async\" class=\"skip-lazy\" src=\"https:\/\/marbetec.com\/wp-content\/uploads\/2022\/06\/Diseno-sin-titulo-6.png\" alt=\"Diseno-sin-titulo-6\" width=\"6912\" height=\"3456\"><\/div>\n\t<\/div>\n<\/div>\n\t<div class=\"swiper-slide\">\n\t<div class=\"wpcp-single-item\">\n\t\t<div class=\"wpcp-slide-image\">\n\t<img loading=\"lazy\" decoding=\"async\" class=\"skip-lazy\" src=\"https:\/\/marbetec.com\/wp-content\/uploads\/2022\/07\/POP-23.png\" alt=\"POP-23\" width=\"940\" height=\"788\"><\/div>\n\t<\/div>\n<\/div>\n\t\t\t<\/div>\n\t\t\t\t\t<div class=\"wpcp-swiper-dots swiper-pagination\"><\/div>\n\t\t\t\t<!-- If we need navigation buttons -->\n\t\t\t\t\t<div class=\"wpcp-prev-button swiper-button-prev\"><i class=\"fa fa-angle-left\"><\/i><\/div>\n\t\t\t<div class=\"wpcp-next-button swiper-button-next\"><i class=\"fa fa-angle-right\"><\/i><\/div>\n\t\t\t<\/div>\n\t<\/div>\n<\/div>\n\n<\/div><\/div>\n\n\n\n<hr class=\"wp-block-separator has-alpha-channel-opacity\"\/>\n\n\n\n<div class=\"wp-block-cover alignfull is-light has-parallax\" style=\"background-image:url(https:\/\/marbetec.com\/wp-content\/uploads\/2022\/07\/POP-4.png)\"><span aria-hidden=\"true\" class=\"wp-block-cover__background has-background-dim\"><\/span><div class=\"wp-block-cover__inner-container is-layout-flow wp-block-cover-is-layout-flow\">\n<p class=\"has-text-align-center has-large-font-size\"><\/p>\n\n\n\n<h2 class=\"has-background-color has-text-color wp-block-heading\">LOS MEJORES PROYECTOS EN M\u00c9XICO<\/h2>\n<\/div><\/div>\n\n\n\n<div class=\"wp-block-contact-form-7-contact-form-selector\"><div role=\"form\" class=\"wpcf7\" id=\"wpcf7-f4-o1\" lang=\"es-MX\" dir=\"ltr\">\n<div class=\"screen-reader-response\"><p role=\"status\" aria-live=\"polite\" aria-atomic=\"true\"><\/p> <ul><\/ul><\/div>\n<form action=\"\/index.php\/wp-json\/wp\/v2\/pages\/69#wpcf7-f4-o1\" method=\"post\" class=\"wpcf7-form init\" novalidate=\"novalidate\" data-status=\"init\">\n<div style=\"display: none;\">\n<input type=\"hidden\" name=\"_wpcf7\" value=\"4\" \/>\n<input type=\"hidden\" name=\"_wpcf7_version\" value=\"5.6.3\" \/>\n<input type=\"hidden\" name=\"_wpcf7_locale\" value=\"es_MX\" \/>\n<input type=\"hidden\" name=\"_wpcf7_unit_tag\" value=\"wpcf7-f4-o1\" \/>\n<input type=\"hidden\" name=\"_wpcf7_container_post\" value=\"0\" \/>\n<input type=\"hidden\" name=\"_wpcf7_posted_data_hash\" value=\"\" \/>\n<\/div>\n<p><label> Tu nombre<br \/>\n    <span class=\"wpcf7-form-control-wrap\" data-name=\"your-name\"><input type=\"text\" name=\"your-name\" value=\"\" size=\"40\" class=\"wpcf7-form-control wpcf7-text wpcf7-validates-as-required\" aria-required=\"true\" aria-invalid=\"false\" \/><\/span> <\/label><\/p>\n<p><label> Tu correo electr\u00f3nico<br \/>\n    <span class=\"wpcf7-form-control-wrap\" data-name=\"your-email\"><input type=\"email\" name=\"your-email\" value=\"\" size=\"40\" class=\"wpcf7-form-control wpcf7-text wpcf7-email wpcf7-validates-as-required wpcf7-validates-as-email\" aria-required=\"true\" aria-invalid=\"false\" \/><\/span> <\/label><\/p>\n<p><label> Asunto<br \/>\n    <span class=\"wpcf7-form-control-wrap\" data-name=\"your-subject\"><input type=\"text\" name=\"your-subject\" value=\"\" size=\"40\" class=\"wpcf7-form-control wpcf7-text wpcf7-validates-as-required\" aria-required=\"true\" aria-invalid=\"false\" \/><\/span> <\/label><\/p>\n<p><label> Tu mensaje (opcional)<br \/>\n    <span class=\"wpcf7-form-control-wrap\" data-name=\"your-message\"><textarea name=\"your-message\" cols=\"40\" rows=\"10\" class=\"wpcf7-form-control wpcf7-textarea\" aria-invalid=\"false\"><\/textarea><\/span> <\/label><\/p>\n<p><input type=\"submit\" value=\"Enviar\" class=\"wpcf7-form-control has-spinner wpcf7-submit\" \/><\/p>\n<div class=\"wpcf7-response-output\" aria-hidden=\"true\"><\/div><\/form><\/div><\/div>\n","protected":false},"excerpt":{"rendered":"<p>DISE\u00d1A, CREA, PROYECTA Las empresas desde grandes a peque\u00f1as, est\u00e1n recurriendo en mayor grado a estos &#8220;vendedores silenciosos&#8221;, en forma de empaques informativos y presentaciones innovadoras de mercadotecnia con excelente calidad de impresi\u00f3n, pues esta vers\u00e1til imagen incluyen letreros que se colocan en los estantes, anuncios en las ventanas, m\u00f3dulos de demostraci\u00f3n, etc. Mejora tu [&hellip;]<\/p>\n","protected":false},"author":3,"featured_media":290,"parent":0,"menu_order":0,"comment_status":"closed","ping_status":"closed","template":"templates\/template-full-width.php","meta":{"footnotes":""},"class_list":["post-69","page","type-page","status-publish","has-post-thumbnail","hentry"],"yoast_head":"<!-- This site is optimized with the Yoast SEO plugin v19.7.1 - https:\/\/yoast.com\/wordpress\/plugins\/seo\/ -->\n<title>Marbetec.com - Marbetec<\/title>\n<meta name=\"robots\" content=\"noindex, follow, max-snippet:-1, max-image-preview:large, max-video-preview:-1\" \/>\n<meta property=\"og:locale\" content=\"es_MX\" \/>\n<meta property=\"og:type\" content=\"article\" \/>\n<meta property=\"og:title\" content=\"Marbetec.com - Marbetec\" \/>\n<meta property=\"og:description\" content=\"DISE\u00d1A, CREA, PROYECTA Las empresas desde grandes a peque\u00f1as, est\u00e1n recurriendo en mayor grado a estos &#8220;vendedores silenciosos&#8221;, en forma de empaques informativos y presentaciones innovadoras de mercadotecnia con excelente calidad de impresi\u00f3n, pues esta vers\u00e1til imagen incluyen letreros que se colocan en los estantes, anuncios en las ventanas, m\u00f3dulos de demostraci\u00f3n, etc. Mejora tu [&hellip;]\" \/>\n<meta property=\"og:url\" content=\"https:\/\/marbetec.com\/\" \/>\n<meta property=\"og:site_name\" content=\"Marbetec\" \/>\n<meta property=\"article:modified_time\" content=\"2022-07-07T21:27:37+00:00\" \/>\n<meta property=\"og:image\" content=\"https:\/\/marbetec.com\/wp-content\/uploads\/2022\/07\/pop-18.png\" \/>\n\t<meta property=\"og:image:width\" content=\"940\" \/>\n\t<meta property=\"og:image:height\" content=\"788\" \/>\n\t<meta property=\"og:image:type\" content=\"image\/png\" \/>\n<meta name=\"twitter:card\" content=\"summary_large_image\" \/>\n<meta name=\"twitter:label1\" content=\"Tiempo de lectura\" \/>\n\t<meta name=\"twitter:data1\" content=\"2 minutos\" \/>\n<script type=\"application\/ld+json\" class=\"yoast-schema-graph\">{\"@context\":\"https:\/\/schema.org\",\"@graph\":[{\"@type\":\"WebPage\",\"@id\":\"https:\/\/marbetec.com\/\",\"url\":\"https:\/\/marbetec.com\/\",\"name\":\"Marbetec.com - Marbetec\",\"isPartOf\":{\"@id\":\"https:\/\/marbetec.com\/#website\"},\"datePublished\":\"2022-06-30T22:27:48+00:00\",\"dateModified\":\"2022-07-07T21:27:37+00:00\",\"breadcrumb\":{\"@id\":\"https:\/\/marbetec.com\/#breadcrumb\"},\"inLanguage\":\"es\",\"potentialAction\":[{\"@type\":\"ReadAction\",\"target\":[\"https:\/\/marbetec.com\/\"]}]},{\"@type\":\"BreadcrumbList\",\"@id\":\"https:\/\/marbetec.com\/#breadcrumb\",\"itemListElement\":[{\"@type\":\"ListItem\",\"position\":1,\"name\":\"Inicio\",\"item\":\"https:\/\/marbetec.com\/\"},{\"@type\":\"ListItem\",\"position\":2,\"name\":\"Marbetec.com\"}]},{\"@type\":\"WebSite\",\"@id\":\"https:\/\/marbetec.com\/#website\",\"url\":\"https:\/\/marbetec.com\/\",\"name\":\"Marbetec\",\"description\":\"\",\"publisher\":{\"@id\":\"https:\/\/marbetec.com\/#organization\"},\"potentialAction\":[{\"@type\":\"SearchAction\",\"target\":{\"@type\":\"EntryPoint\",\"urlTemplate\":\"https:\/\/marbetec.com\/?s={search_term_string}\"},\"query-input\":\"required name=search_term_string\"}],\"inLanguage\":\"es\"},{\"@type\":\"Organization\",\"@id\":\"https:\/\/marbetec.com\/#organization\",\"name\":\"Marbetec\",\"url\":\"https:\/\/marbetec.com\/\",\"sameAs\":[],\"logo\":{\"@type\":\"ImageObject\",\"inLanguage\":\"es\",\"@id\":\"https:\/\/marbetec.com\/#\/schema\/logo\/image\/\",\"url\":\"https:\/\/marbetec.com\/wp-content\/uploads\/2022\/07\/cropped-cropped-logo-removebg-preview-e1657301622957.png\",\"contentUrl\":\"https:\/\/marbetec.com\/wp-content\/uploads\/2022\/07\/cropped-cropped-logo-removebg-preview-e1657301622957.png\",\"width\":500,\"height\":375,\"caption\":\"Marbetec\"},\"image\":{\"@id\":\"https:\/\/marbetec.com\/#\/schema\/logo\/image\/\"}}]}<\/script>\n<!-- \/ Yoast SEO plugin. -->","yoast_head_json":{"title":"Marbetec.com - Marbetec","robots":{"index":"noindex","follow":"follow","max-snippet":"max-snippet:-1","max-image-preview":"max-image-preview:large","max-video-preview":"max-video-preview:-1"},"og_locale":"es_MX","og_type":"article","og_title":"Marbetec.com - Marbetec","og_description":"DISE\u00d1A, CREA, PROYECTA Las empresas desde grandes a peque\u00f1as, est\u00e1n recurriendo en mayor grado a estos &#8220;vendedores silenciosos&#8221;, en forma de empaques informativos y presentaciones innovadoras de mercadotecnia con excelente calidad de impresi\u00f3n, pues esta vers\u00e1til imagen incluyen letreros que se colocan en los estantes, anuncios en las ventanas, m\u00f3dulos de demostraci\u00f3n, etc. Mejora tu [&hellip;]","og_url":"https:\/\/marbetec.com\/","og_site_name":"Marbetec","article_modified_time":"2022-07-07T21:27:37+00:00","og_image":[{"width":940,"height":788,"url":"https:\/\/marbetec.com\/wp-content\/uploads\/2022\/07\/pop-18.png","type":"image\/png"}],"twitter_card":"summary_large_image","twitter_misc":{"Tiempo de lectura":"2 minutos"},"schema":{"@context":"https:\/\/schema.org","@graph":[{"@type":"WebPage","@id":"https:\/\/marbetec.com\/","url":"https:\/\/marbetec.com\/","name":"Marbetec.com - Marbetec","isPartOf":{"@id":"https:\/\/marbetec.com\/#website"},"datePublished":"2022-06-30T22:27:48+00:00","dateModified":"2022-07-07T21:27:37+00:00","breadcrumb":{"@id":"https:\/\/marbetec.com\/#breadcrumb"},"inLanguage":"es","potentialAction":[{"@type":"ReadAction","target":["https:\/\/marbetec.com\/"]}]},{"@type":"BreadcrumbList","@id":"https:\/\/marbetec.com\/#breadcrumb","itemListElement":[{"@type":"ListItem","position":1,"name":"Inicio","item":"https:\/\/marbetec.com\/"},{"@type":"ListItem","position":2,"name":"Marbetec.com"}]},{"@type":"WebSite","@id":"https:\/\/marbetec.com\/#website","url":"https:\/\/marbetec.com\/","name":"Marbetec","description":"","publisher":{"@id":"https:\/\/marbetec.com\/#organization"},"potentialAction":[{"@type":"SearchAction","target":{"@type":"EntryPoint","urlTemplate":"https:\/\/marbetec.com\/?s={search_term_string}"},"query-input":"required name=search_term_string"}],"inLanguage":"es"},{"@type":"Organization","@id":"https:\/\/marbetec.com\/#organization","name":"Marbetec","url":"https:\/\/marbetec.com\/","sameAs":[],"logo":{"@type":"ImageObject","inLanguage":"es","@id":"https:\/\/marbetec.com\/#\/schema\/logo\/image\/","url":"https:\/\/marbetec.com\/wp-content\/uploads\/2022\/07\/cropped-cropped-logo-removebg-preview-e1657301622957.png","contentUrl":"https:\/\/marbetec.com\/wp-content\/uploads\/2022\/07\/cropped-cropped-logo-removebg-preview-e1657301622957.png","width":500,"height":375,"caption":"Marbetec"},"image":{"@id":"https:\/\/marbetec.com\/#\/schema\/logo\/image\/"}}]}},"_links":{"self":[{"href":"https:\/\/marbetec.com\/index.php\/wp-json\/wp\/v2\/pages\/69","targetHints":{"allow":["GET"]}}],"collection":[{"href":"https:\/\/marbetec.com\/index.php\/wp-json\/wp\/v2\/pages"}],"about":[{"href":"https:\/\/marbetec.com\/index.php\/wp-json\/wp\/v2\/types\/page"}],"author":[{"embeddable":true,"href":"https:\/\/marbetec.com\/index.php\/wp-json\/wp\/v2\/users\/3"}],"replies":[{"embeddable":true,"href":"https:\/\/marbetec.com\/index.php\/wp-json\/wp\/v2\/comments?post=69"}],"version-history":[{"count":63,"href":"https:\/\/marbetec.com\/index.php\/wp-json\/wp\/v2\/pages\/69\/revisions"}],"predecessor-version":[{"id":297,"href":"https:\/\/marbetec.com\/index.php\/wp-json\/wp\/v2\/pages\/69\/revisions\/297"}],"wp:featuredmedia":[{"embeddable":true,"href":"https:\/\/marbetec.com\/index.php\/wp-json\/wp\/v2\/media\/290"}],"wp:attachment":[{"href":"https:\/\/marbetec.com\/index.php\/wp-json\/wp\/v2\/media?parent=69"}],"curies":[{"name":"wp","href":"https:\/\/api.w.org\/{rel}","templated":true}]}}